{"id":7628,"date":"2024-02-18T18:01:17","date_gmt":"2024-02-18T18:01:17","guid":{"rendered":"https:\/\/v2.ferbalmo.com\/?page_id=7628"},"modified":"2024-02-18T18:02:16","modified_gmt":"2024-02-18T18:02:16","slug":"politica-de-cookies","status":"publish","type":"page","link":"https:\/\/ferbalmo.com\/en\/politica-de-cookies","title":{"rendered":"Pol\u00edtica de Cookies"},"content":{"rendered":"<div data-elementor-type=\"wp-page\" data-elementor-id=\"7628\" class=\"elementor elementor-7628\" data-elementor-post-type=\"page\">\n\t\t\t\t\t\t<section class=\"elementor-section elementor-top-section elementor-element elementor-element-3e1ff16 elementor-reverse-tablet elementor-reverse-mobile elementor-section-height-min-height elementor-section-boxed elementor-section-height-default elementor-section-items-middle\" data-id=\"3e1ff16\" data-element_type=\"section\" data-e-type=\"section\" data-settings=\"{&quot;background_background&quot;:&quot;classic&quot;}\">\n\t\t\t\t\t\t\t<div class=\"elementor-background-overlay\"><\/div>\n\t\t\t\t\t\t\t<div class=\"elementor-container elementor-column-gap-wider\">\n\t\t\t\t\t<div class=\"elementor-column elementor-col-100 elementor-top-column elementor-element elementor-element-0d6e671\" data-id=\"0d6e671\" data-element_type=\"column\" data-e-type=\"column\">\n\t\t\t<div class=\"elementor-widget-wrap elementor-element-populated\">\n\t\t\t\t\t\t<div class=\"elementor-element elementor-element-0e548c7 elementor-widget elementor-widget-heading\" data-id=\"0e548c7\" data-element_type=\"widget\" data-e-type=\"widget\" data-widget_type=\"heading.default\">\n\t\t\t\t<div class=\"elementor-widget-container\">\n\t\t\t\t\t<h2 class=\"elementor-heading-title elementor-size-default\">Pol\u00edtica de Cookies<\/h2>\t\t\t\t<\/div>\n\t\t\t\t<\/div>\n\t\t\t\t\t<\/div>\n\t\t<\/div>\n\t\t\t\t\t<\/div>\n\t\t<\/section>\n\t\t\t\t<section class=\"elementor-section elementor-top-section elementor-element elementor-element-b319620 elementor-section-boxed elementor-section-height-default elementor-section-height-default\" data-id=\"b319620\" data-element_type=\"section\" data-e-type=\"section\">\n\t\t\t\t\t\t<div class=\"elementor-container elementor-column-gap-wider\">\n\t\t\t\t\t<div class=\"elementor-column elementor-col-100 elementor-top-column elementor-element elementor-element-1ef8cda\" data-id=\"1ef8cda\" data-element_type=\"column\" data-e-type=\"column\">\n\t\t\t<div class=\"elementor-widget-wrap elementor-element-populated\">\n\t\t\t\t\t\t<div class=\"elementor-element elementor-element-f17fc4d elementor-widget elementor-widget-text-editor\" data-id=\"f17fc4d\" data-element_type=\"widget\" data-e-type=\"widget\" data-widget_type=\"text-editor.default\">\n\t\t\t\t<div class=\"elementor-widget-container\">\n\t\t\t\t\t\t\t\t\t<p>En cumplimiento con lo dispuesto en el art\u00edculo 22.2 de la Ley 34\/2002, de 11 de julio, de Servicios de la Sociedad de la Informaci\u00f3n y de Comercio Electr\u00f3nico, el Titular le informa que este sitio Web utiliza cookies, as\u00ed como sobre su pol\u00edtica de recogida y el tratamiento que hace de las mismas.<\/p><h2>Qu\u00e9 son las cookies<\/h2><p>Una cookie es un fichero que se descarga en su ordenador al entrar a determinadas p\u00e1ginas web. Las cookies permiten a una p\u00e1gina web, entre otras cosas, almacenar y recuperar informaci\u00f3n sobre sus h\u00e1bitos de navegaci\u00f3n y \u2014dependiendo de la informaci\u00f3n que contengan y de la forma en que utilice su equipo\u2014 pueden utilizarse para identificarle.<\/p><h2>Tipos de cookies utilizadas<\/h2><p>El sitio Web\u00a0<a href=\"https:\/\/ferbalmo.com\/en\/\">https:\/\/ferbalmo.com<\/a>\u00a0utiliza los siguientes tipos de cookies:<\/p><ul><li><b>Cookies de an\u00e1lisis:<\/b>\u00a0Son aquellas que, bien tratadas por el sitio Web o por terceros, permiten cuantificar el n\u00famero de usuarios y as\u00ed realizar la medici\u00f3n y an\u00e1lisis estad\u00edstico de la utilizaci\u00f3n que hacen los usuarios del sitio Web. Para ello se analiza la navegaci\u00f3n que realizas en este sitio Web con el fin de mejorarlo.<\/li><li><b>Cookies t\u00e9cnicas:<\/b>\u00a0Son aquellas tratadas por el sitio Web que permiten a los usuarios registrados navegar a trav\u00e9s del \u00e1rea restringida y a utilizar sus diferentes funciones, como por ejemplo, llevar a cabo el proceso de compra de un Producto o Servicio.<br \/>Algunas cookies son esenciales para el funcionamiento del sitio Web, por ejemplo, el sistema de comentarios o el buscador.<\/li><li><b>Cookies de personalizaci\u00f3n:<\/b>\u00a0Son aquellas que permiten a los usuarios acceder al Servicio con algunas caracter\u00edsticas de car\u00e1cter general predefinidas en funci\u00f3n de una serie de criterios establecidos por el usuario como, por ejemplo, el idioma o el tipo de navegador a trav\u00e9s del cual se conecta a este sitio Web.<\/li><\/ul><h2>Desactivar las cookies<\/h2><p>Usted puede aceptar, bloquear o eliminar las cookies instaladas en su equipo mediante la configuraci\u00f3n de las opciones del navegador.<\/p><p>En los siguientes enlaces encontrar\u00e1 instrucciones para habilitar o deshabilitar las cookies en los navegadores m\u00e1s comunes.<\/p><ul><li><b>Firefox<\/b>\u00a0<a href=\"http:\/\/support.mozilla.org\/es\/kb\/habilitar-y-deshabilitar-cookies-que-los-sitios-we\" rel=\"nofollow noopener\" target=\"_blank\">http:\/\/support.mozilla.org\/es\/kb\/habilitar-y-deshabilitar-cookies-que-los-sitios-we<\/a><\/li><li><b>Safari<\/b>\u00a0<a href=\"http:\/\/support.apple.com\/kb\/HT1677?viewlocale=es_ES\" rel=\"nofollow noopener\" target=\"_blank\">http:\/\/support.apple.com\/kb\/HT1677?viewlocale=es_ES<\/a><\/li><li><b>Google Chrome<\/b>\u00a0<a href=\"https:\/\/support.google.com\/chrome\/answer\/95647?hl=es\" rel=\"nofollow noopener\" target=\"_blank\">https:\/\/support.google.com\/chrome\/answer\/95647?hl=es<\/a><\/li><\/ul><h2>Cookies de terceros<\/h2><p>El sitio Web utiliza los servicios de Google Adsense y de Google Analytics que pueden instalar cookies que sirven para obtener estad\u00edsticas y datos publicitarios.<\/p><h2>Advertencia sobre eliminar cookies<\/h2><p>Usted puede eliminar y bloquear las cookies de este sitio Web, pero parte del sitio no funcionar\u00e1 correctamente o su calidad puede verse afectada.<\/p><h2>Contact<\/h2><p>En caso de que tenga cualquier duda acerca de esta Pol\u00edtica de Cookies o quiera realizar cualquier comentario sobre este sitio Web, puede enviar un mensaje de correo electr\u00f3nico a la direcci\u00f3n contacto@ferbalmo.com.<\/p>\t\t\t\t\t\t\t\t<\/div>\n\t\t\t\t<\/div>\n\t\t\t\t\t<\/div>\n\t\t<\/div>\n\t\t\t\t\t<\/div>\n\t\t<\/section>\n\t\t\t\t<\/div>","protected":false},"excerpt":{"rendered":"<p>Pol\u00edtica de Cookies En cumplimiento con lo dispuesto en el art\u00edculo 22.2 de la Ley 34\/2002, de 11 de julio, de Servicios de la Sociedad de la Informaci\u00f3n y de Comercio Electr\u00f3nico, el Titular le informa que este sitio Web utiliza cookies, as\u00ed como sobre su pol\u00edtica de recogida y el tratamiento que hace de&hellip;<\/p>","protected":false},"author":2,"featured_media":0,"parent":0,"menu_order":990,"comment_status":"closed","ping_status":"closed","template":"elementor_header_footer","meta":{"footnotes":""},"class_list":["post-7628","page","type-page","status-publish","hentry"],"_links":{"self":[{"href":"https:\/\/ferbalmo.com\/en\/wp-json\/wp\/v2\/pages\/7628","targetHints":{"allow":["GET"]}}],"collection":[{"href":"https:\/\/ferbalmo.com\/en\/wp-json\/wp\/v2\/pages"}],"about":[{"href":"https:\/\/ferbalmo.com\/en\/wp-json\/wp\/v2\/types\/page"}],"author":[{"embeddable":true,"href":"https:\/\/ferbalmo.com\/en\/wp-json\/wp\/v2\/users\/2"}],"replies":[{"embeddable":true,"href":"https:\/\/ferbalmo.com\/en\/wp-json\/wp\/v2\/comments?post=7628"}],"version-history":[{"count":4,"href":"https:\/\/ferbalmo.com\/en\/wp-json\/wp\/v2\/pages\/7628\/revisions"}],"predecessor-version":[{"id":7632,"href":"https:\/\/ferbalmo.com\/en\/wp-json\/wp\/v2\/pages\/7628\/revisions\/7632"}],"wp:attachment":[{"href":"https:\/\/ferbalmo.com\/en\/wp-json\/wp\/v2\/media?parent=7628"}],"curies":[{"name":"wp","href":"https:\/\/api.w.org\/{rel}","templated":true}]}}